{"id":932,"date":"2023-08-22T12:43:07","date_gmt":"2023-08-22T12:43:07","guid":{"rendered":"https:\/\/naturgardenhotel.com\/?page_id=932"},"modified":"2023-10-19T12:30:41","modified_gmt":"2023-10-19T12:30:41","slug":"om-us","status":"publish","type":"page","link":"https:\/\/naturgardenhotel.com\/?page_id=932&lang=da","title":{"rendered":"Om us"},"content":{"rendered":"\t\t<div data-elementor-type=\"wp-page\" data-elementor-id=\"932\" class=\"elementor elementor-932\" data-elementor-post-type=\"page\">\n\t\t\t\t\t\t<section class=\"elementor-section elementor-top-section elementor-element elementor-element-797d6a5 elementor-section-full_width elementor-section-height-min-height elementor-section-items-bottom elementor-section-height-default\" data-id=\"797d6a5\" data-element_type=\"section\" data-settings=\"{&quot;background_background&quot;:&quot;classic&quot;}\">\n\t\t\t\t\t\t\t<div class=\"elementor-background-overlay\"><\/div>\n\t\t\t\t\t\t\t<div class=\"elementor-container elementor-column-gap-no\">\n\t\t\t\t\t<div class=\"elementor-column elementor-col-100 elementor-top-column elementor-element elementor-element-144f317\" data-id=\"144f317\" data-element_type=\"column\">\n\t\t\t<div class=\"elementor-widget-wrap elementor-element-populated\">\n\t\t\t\t\t\t<div class=\"elementor-element elementor-element-3f8db02 pp-dual-heading-inline elementor-widget elementor-widget-pp-dual-heading\" data-id=\"3f8db02\" data-element_type=\"widget\" data-widget_type=\"pp-dual-heading.default\">\n\t\t\t\t<div class=\"elementor-widget-container\">\n\t\t\t\t\t<h2 class=\"pp-dual-heading\"><span class=\"pp-first-text\">Om <\/span><span class=\"pp-second-text\">Us<\/span><\/h2>\t\t\t\t<\/div>\n\t\t\t\t<\/div>\n\t\t\t\t<div class=\"elementor-element elementor-element-d2811ef elementor-hidden-desktop elementor-hidden-tablet elementor-widget elementor-widget-image\" data-id=\"d2811ef\" data-element_type=\"widget\" data-widget_type=\"image.default\">\n\t\t\t\t<div class=\"elementor-widget-container\">\n\t\t\t\t\t\t\t\t\t\t\t\t\t\t\t<img decoding=\"async\" width=\"529\" height=\"81\" src=\"https:\/\/naturgardenhotel.com\/wp-content\/uploads\/2023\/08\/mouse2-1.png\" class=\"attachment-full size-full wp-image-457\" alt=\"\" srcset=\"https:\/\/naturgardenhotel.com\/wp-content\/uploads\/2023\/08\/mouse2-1.png 529w, https:\/\/naturgardenhotel.com\/wp-content\/uploads\/2023\/08\/mouse2-1-300x46.png 300w\" sizes=\"(max-width: 529px) 100vw, 529px\" \/>\t\t\t\t\t\t\t\t\t\t\t\t\t\t\t<\/div>\n\t\t\t\t<\/div>\n\t\t\t\t<div class=\"elementor-element elementor-element-ce70354 elementor-hidden-mobile elementor-widget elementor-widget-image\" data-id=\"ce70354\" data-element_type=\"widget\" data-widget_type=\"image.default\">\n\t\t\t\t<div class=\"elementor-widget-container\">\n\t\t\t\t\t\t\t\t\t\t\t\t\t\t\t<img fetchpriority=\"high\" decoding=\"async\" width=\"1920\" height=\"113\" src=\"https:\/\/naturgardenhotel.com\/wp-content\/uploads\/2023\/07\/ok.png\" class=\"attachment-full size-full wp-image-64\" alt=\"\" srcset=\"https:\/\/naturgardenhotel.com\/wp-content\/uploads\/2023\/07\/ok.png 1920w, https:\/\/naturgardenhotel.com\/wp-content\/uploads\/2023\/07\/ok-300x18.png 300w, https:\/\/naturgardenhotel.com\/wp-content\/uploads\/2023\/07\/ok-1024x60.png 1024w, https:\/\/naturgardenhotel.com\/wp-content\/uploads\/2023\/07\/ok-768x45.png 768w, https:\/\/naturgardenhotel.com\/wp-content\/uploads\/2023\/07\/ok-1536x90.png 1536w\" sizes=\"(max-width: 1920px) 100vw, 1920px\" \/>\t\t\t\t\t\t\t\t\t\t\t\t\t\t\t<\/div>\n\t\t\t\t<\/div>\n\t\t\t\t\t<\/div>\n\t\t<\/div>\n\t\t\t\t\t<\/div>\n\t\t<\/section>\n\t\t\t\t<section class=\"elementor-section elementor-top-section elementor-element elementor-element-83d6ba2 elementor-section-boxed elementor-section-height-default elementor-section-height-default\" data-id=\"83d6ba2\" data-element_type=\"section\" data-settings=\"{&quot;background_background&quot;:&quot;classic&quot;}\">\n\t\t\t\t\t\t<div class=\"elementor-container elementor-column-gap-default\">\n\t\t\t\t\t<div class=\"elementor-column elementor-col-100 elementor-top-column elementor-element elementor-element-afb9cff\" data-id=\"afb9cff\" data-element_type=\"column\">\n\t\t\t<div class=\"elementor-widget-wrap elementor-element-populated\">\n\t\t\t\t\t\t<div class=\"elementor-element elementor-element-c10b36c elementor-widget elementor-widget-spacer\" data-id=\"c10b36c\" data-element_type=\"widget\" data-widget_type=\"spacer.default\">\n\t\t\t\t<div class=\"elementor-widget-container\">\n\t\t\t\t\t\t\t<div class=\"elementor-spacer\">\n\t\t\t<div class=\"elementor-spacer-inner\"><\/div>\n\t\t<\/div>\n\t\t\t\t\t\t<\/div>\n\t\t\t\t<\/div>\n\t\t\t\t\t<\/div>\n\t\t<\/div>\n\t\t\t\t\t<\/div>\n\t\t<\/section>\n\t\t\t\t<section class=\"elementor-section elementor-top-section elementor-element elementor-element-439bfd3 elementor-section-boxed elementor-section-height-default elementor-section-height-default\" data-id=\"439bfd3\" data-element_type=\"section\" data-settings=\"{&quot;background_background&quot;:&quot;classic&quot;}\">\n\t\t\t\t\t\t<div class=\"elementor-container elementor-column-gap-default\">\n\t\t\t\t\t<div class=\"elementor-column elementor-col-33 elementor-top-column elementor-element elementor-element-44faf5f\" data-id=\"44faf5f\" data-element_type=\"column\">\n\t\t\t<div class=\"elementor-widget-wrap\">\n\t\t\t\t\t\t\t<\/div>\n\t\t<\/div>\n\t\t\t\t<div class=\"elementor-column elementor-col-33 elementor-top-column elementor-element elementor-element-6a4968d\" data-id=\"6a4968d\" data-element_type=\"column\">\n\t\t\t<div class=\"elementor-widget-wrap elementor-element-populated\">\n\t\t\t\t\t\t<div class=\"elementor-element elementor-element-1258588 elementor-widget elementor-widget-text-editor\" data-id=\"1258588\" data-element_type=\"widget\" data-widget_type=\"text-editor.default\">\n\t\t\t\t<div class=\"elementor-widget-container\">\n\t\t\t\t\t\t\t\t\t<p>Natur Garden Hotel ligger i Bitez-bugten, en af de smukkeste bugter p\u00e5 Bodrum-halv\u00f8en med det prisbel\u00f8nnede hav med det bl\u00e5 flag.<\/p>\t\t\t\t\t\t\t\t<\/div>\n\t\t\t\t<\/div>\n\t\t\t\t\t<\/div>\n\t\t<\/div>\n\t\t\t\t<div class=\"elementor-column elementor-col-33 elementor-top-column elementor-element elementor-element-8916354\" data-id=\"8916354\" data-element_type=\"column\">\n\t\t\t<div class=\"elementor-widget-wrap\">\n\t\t\t\t\t\t\t<\/div>\n\t\t<\/div>\n\t\t\t\t\t<\/div>\n\t\t<\/section>\n\t\t\t\t<section class=\"elementor-section elementor-top-section elementor-element elementor-element-5b5c178 elementor-section-boxed elementor-section-height-default elementor-section-height-default\" data-id=\"5b5c178\" data-element_type=\"section\" data-settings=\"{&quot;background_background&quot;:&quot;classic&quot;}\">\n\t\t\t\t\t\t<div class=\"elementor-container elementor-column-gap-default\">\n\t\t\t\t\t<div class=\"elementor-column elementor-col-100 elementor-top-column elementor-element elementor-element-94ed628\" data-id=\"94ed628\" data-element_type=\"column\">\n\t\t\t<div class=\"elementor-widget-wrap elementor-element-populated\">\n\t\t\t\t\t\t<div class=\"elementor-element elementor-element-3254fa5 elementor-widget elementor-widget-text-editor\" data-id=\"3254fa5\" data-element_type=\"widget\" data-widget_type=\"text-editor.default\">\n\t\t\t\t<div class=\"elementor-widget-container\">\n\t\t\t\t\t\t\t\t\t<div class=\"flex_column av_one_half flex_column_div av-zero-column-padding first avia-builder-el-2 el_after_av_heading el_before_av_one_half \">\n<section class=\"av_textblock_section \">\n<div class=\"avia_textblock \">\n<p>Vores hotel er lokaliseret i Bitez Bay, i en af de p\u00e6neste feriesteder i Bodrum, og vi servicerer vores g\u00e6ster p\u00e5 et omr\u00e5de over 2 hektar med en kapacitet p\u00e5 79 v\u00e6relser. P\u00e5 vores hotel, der har budt familier velkommen i mange \u00e5r med sine im\u00f8dekommende omgivelser, kan du slappe af p\u00e5 gr\u00e6sset i den centrale g\u00e5rdsplads, der er smukt dekoreret med jasmin og balsamdufte, eller i forhaven fyldt med bougainvillea og palmetr\u00e6er, hvis du har lyst. Hotellet har en ideel lokation for g\u00e6ster, der kommer til Bodrum eller Gumbet for at have det sjovt, men som foretr\u00e6kker at bo komfortabelt og i et stille og roligt omr\u00e5de.<\/p>\n<p>Vores hotel, der serverer ud fra et all-inclusive koncept, har arbejdet i \u00e5revis p\u00e5 at opbygge en kundetilfredshedsorienteret id\u00e9 om ferie, og p\u00e5 grund af dette har hotellet opn\u00e5et respekt i Bitez-omr\u00e5det.<\/p>\n<\/div>\n<\/section>\n<\/div>\n<div class=\"flex_column av_one_half flex_column_div av-zero-column-padding avia-builder-el-4 el_after_av_one_half avia-builder-el-last \">\n<section class=\"av_textblock_section \">\n<div class=\"avia_textblock \">\n<p>Vores hotel ligger 2 minutters gang fra Bitez Beach. Derudover ligger det 40 km fra lufthavnen, 7 km fra Bodrum centrum og 2 km fra Gumbets underholdsningscentrum.<\/p>\n<p>Vores hotel, hvis struktur er integreret i naturen, byder ogs\u00e5 g\u00e6ster, der er vild med sport, velkommen. Vi har faciliteter s\u00e5som tennis, basketball, mini fodbold, volleyball, bordtennis, dart og billiard. Derudover er Bitez Bay et sted, hvor man kan pr\u00f8ve forskellige former for vandsport, s\u00e5som windsurfing, vandski og wakeboard, da der er s\u00e6rligt gode vindforhorhold.<\/p>\n<p>Hvis det \u00f8nskes, kan du udnytte vores s\u00e6rlige rabatter og tidlige booking muligheder, hotellet tilbyder til medlemmer af vores mail-liste.<\/p>\n<\/div>\n<\/section>\n<\/div>\t\t\t\t\t\t\t\t<\/div>\n\t\t\t\t<\/div>\n\t\t\t\t\t<\/div>\n\t\t<\/div>\n\t\t\t\t\t<\/div>\n\t\t<\/section>\n\t\t\t\t<section class=\"elementor-section elementor-top-section elementor-element elementor-element-a6601c5 elementor-section-boxed elementor-section-height-default elementor-section-height-default\" data-id=\"a6601c5\" data-element_type=\"section\" data-settings=\"{&quot;background_background&quot;:&quot;classic&quot;}\">\n\t\t\t\t\t\t<div class=\"elementor-container elementor-column-gap-default\">\n\t\t\t\t\t<div class=\"elementor-column elementor-col-100 elementor-top-column elementor-element elementor-element-34067ab\" data-id=\"34067ab\" data-element_type=\"column\">\n\t\t\t<div class=\"elementor-widget-wrap elementor-element-populated\">\n\t\t\t\t\t\t<div class=\"elementor-element elementor-element-22feb3a elementor-widget elementor-widget-spacer\" data-id=\"22feb3a\" data-element_type=\"widget\" data-widget_type=\"spacer.default\">\n\t\t\t\t<div class=\"elementor-widget-container\">\n\t\t\t\t\t\t\t<div class=\"elementor-spacer\">\n\t\t\t<div class=\"elementor-spacer-inner\"><\/div>\n\t\t<\/div>\n\t\t\t\t\t\t<\/div>\n\t\t\t\t<\/div>\n\t\t\t\t\t<\/div>\n\t\t<\/div>\n\t\t\t\t\t<\/div>\n\t\t<\/section>\n\t\t\t\t<section class=\"elementor-section elementor-top-section elementor-element elementor-element-ca464b1 elementor-section-full_width elementor-section-height-default elementor-section-height-default\" data-id=\"ca464b1\" data-element_type=\"section\">\n\t\t\t\t\t\t<div class=\"elementor-container elementor-column-gap-no\">\n\t\t\t\t\t<div class=\"elementor-column elementor-col-100 elementor-top-column elementor-element elementor-element-aa9a0f1\" data-id=\"aa9a0f1\" data-element_type=\"column\">\n\t\t\t<div class=\"elementor-widget-wrap elementor-element-populated\">\n\t\t\t\t\t\t<div class=\"elementor-element elementor-element-f19add2 elementor-widget elementor-widget-template\" data-id=\"f19add2\" data-element_type=\"widget\" data-widget_type=\"template.default\">\n\t\t\t\t<div class=\"elementor-widget-container\">\n\t\t\t\t\t\t\t<div class=\"elementor-template\">\n\t\t\t\t\t<footer data-elementor-type=\"footer\" data-elementor-id=\"1044\" class=\"elementor elementor-1044\" data-elementor-post-type=\"elementor_library\">\n\t\t\t\t\t<section class=\"elementor-section elementor-top-section elementor-element elementor-element-dd6d392 elementor-section-full_width elementor-section-height-default elementor-section-height-default\" data-id=\"dd6d392\" data-element_type=\"section\" data-settings=\"{&quot;background_background&quot;:&quot;classic&quot;}\">\n\t\t\t\t\t\t<div class=\"elementor-container elementor-column-gap-no\">\n\t\t\t\t\t<div class=\"elementor-column elementor-col-100 elementor-top-column elementor-element elementor-element-f810d6f\" data-id=\"f810d6f\" data-element_type=\"column\" data-settings=\"{&quot;background_background&quot;:&quot;gradient&quot;}\">\n\t\t\t<div class=\"elementor-widget-wrap elementor-element-populated\">\n\t\t\t\t\t\t<section class=\"elementor-section elementor-inner-section elementor-element elementor-element-904f596 elementor-section-boxed elementor-section-height-default elementor-section-height-default\" data-id=\"904f596\" data-element_type=\"section\">\n\t\t\t\t\t\t<div class=\"elementor-container elementor-column-gap-default\">\n\t\t\t\t\t<div class=\"elementor-column elementor-col-33 elementor-inner-column elementor-element elementor-element-08d966d\" data-id=\"08d966d\" data-element_type=\"column\">\n\t\t\t<div class=\"elementor-widget-wrap\">\n\t\t\t\t\t\t\t<\/div>\n\t\t<\/div>\n\t\t\t\t<div class=\"elementor-column elementor-col-33 elementor-inner-column elementor-element elementor-element-03cb669\" data-id=\"03cb669\" data-element_type=\"column\">\n\t\t\t<div class=\"elementor-widget-wrap elementor-element-populated\">\n\t\t\t\t\t\t<div class=\"elementor-element elementor-element-a4ae495 elementor-widget elementor-widget-image\" data-id=\"a4ae495\" data-element_type=\"widget\" data-widget_type=\"image.default\">\n\t\t\t\t<div class=\"elementor-widget-container\">\n\t\t\t\t\t\t\t\t\t\t\t\t\t\t\t<img decoding=\"async\" width=\"249\" height=\"172\" src=\"https:\/\/naturgardenhotel.com\/wp-content\/uploads\/2023\/07\/logo2.png\" class=\"attachment-large size-large wp-image-108\" alt=\"\" \/>\t\t\t\t\t\t\t\t\t\t\t\t\t\t\t<\/div>\n\t\t\t\t<\/div>\n\t\t\t\t\t<\/div>\n\t\t<\/div>\n\t\t\t\t<div class=\"elementor-column elementor-col-33 elementor-inner-column elementor-element elementor-element-2cb0f91\" data-id=\"2cb0f91\" data-element_type=\"column\">\n\t\t\t<div class=\"elementor-widget-wrap\">\n\t\t\t\t\t\t\t<\/div>\n\t\t<\/div>\n\t\t\t\t\t<\/div>\n\t\t<\/section>\n\t\t\t\t\t<\/div>\n\t\t<\/div>\n\t\t\t\t\t<\/div>\n\t\t<\/section>\n\t\t\t\t<section class=\"elementor-section elementor-top-section elementor-element elementor-element-dc9e0ed elementor-section-boxed elementor-section-height-default elementor-section-height-default\" data-id=\"dc9e0ed\" data-element_type=\"section\" data-settings=\"{&quot;background_background&quot;:&quot;classic&quot;}\">\n\t\t\t\t\t\t<div class=\"elementor-container elementor-column-gap-default\">\n\t\t\t\t\t<div class=\"elementor-column elementor-col-25 elementor-top-column elementor-element elementor-element-959ddf0\" data-id=\"959ddf0\" data-element_type=\"column\">\n\t\t\t<div class=\"elementor-widget-wrap elementor-element-populated\">\n\t\t\t\t\t\t<div class=\"elementor-element elementor-element-d7053ed elementor-widget elementor-widget-heading\" data-id=\"d7053ed\" data-element_type=\"widget\" data-widget_type=\"heading.default\">\n\t\t\t\t<div class=\"elementor-widget-container\">\n\t\t\t\t\t<h2 class=\"elementor-heading-title elementor-size-default\">Kontakt<\/h2>\t\t\t\t<\/div>\n\t\t\t\t<\/div>\n\t\t\t\t<div class=\"elementor-element elementor-element-6f83b48 elementor-align-center elementor-icon-list--layout-traditional elementor-list-item-link-full_width elementor-widget elementor-widget-icon-list\" data-id=\"6f83b48\" data-element_type=\"widget\" data-widget_type=\"icon-list.default\">\n\t\t\t\t<div class=\"elementor-widget-container\">\n\t\t\t\t\t\t\t<ul class=\"elementor-icon-list-items\">\n\t\t\t\t\t\t\t<li class=\"elementor-icon-list-item\">\n\t\t\t\t\t\t\t\t\t\t<span class=\"elementor-icon-list-text\">Pomelan Cad. 1312. sok. No:1 Bitez \/ Bodrum<\/span>\n\t\t\t\t\t\t\t\t\t<\/li>\n\t\t\t\t\t\t\t\t<li class=\"elementor-icon-list-item\">\n\t\t\t\t\t\t\t\t\t\t<span class=\"elementor-icon-list-text\">T. +90 252 363 05 35 \/ 36 <\/span>\n\t\t\t\t\t\t\t\t\t<\/li>\n\t\t\t\t\t\t\t\t<li class=\"elementor-icon-list-item\">\n\t\t\t\t\t\t\t\t\t\t<span class=\"elementor-icon-list-text\">F. +90 252 363 05 38 <\/span>\n\t\t\t\t\t\t\t\t\t<\/li>\n\t\t\t\t\t\t\t\t<li class=\"elementor-icon-list-item\">\n\t\t\t\t\t\t\t\t\t\t<span class=\"elementor-icon-list-text\">R. +90 533 438 67 33  <\/span>\n\t\t\t\t\t\t\t\t\t<\/li>\n\t\t\t\t\t\t\t\t<li class=\"elementor-icon-list-item\">\n\t\t\t\t\t\t\t\t\t\t<span class=\"elementor-icon-list-text\">info@naturgardenhotel.com<\/span>\n\t\t\t\t\t\t\t\t\t<\/li>\n\t\t\t\t\t\t<\/ul>\n\t\t\t\t\t\t<\/div>\n\t\t\t\t<\/div>\n\t\t\t\t\t<\/div>\n\t\t<\/div>\n\t\t\t\t<div class=\"elementor-column elementor-col-25 elementor-top-column elementor-element elementor-element-f18d99e\" data-id=\"f18d99e\" data-element_type=\"column\">\n\t\t\t<div class=\"elementor-widget-wrap elementor-element-populated\">\n\t\t\t\t\t\t<div class=\"elementor-element elementor-element-390bf6d elementor-widget elementor-widget-heading\" data-id=\"390bf6d\" data-element_type=\"widget\" data-widget_type=\"heading.default\">\n\t\t\t\t<div class=\"elementor-widget-container\">\n\t\t\t\t\t<h2 class=\"elementor-heading-title elementor-size-default\">Hurtigmenu<\/h2>\t\t\t\t<\/div>\n\t\t\t\t<\/div>\n\t\t\t\t<div class=\"elementor-element elementor-element-96f7175 elementor-nav-menu__align-center elementor-nav-menu--dropdown-none elementor-widget elementor-widget-nav-menu\" data-id=\"96f7175\" data-element_type=\"widget\" data-settings=\"{&quot;layout&quot;:&quot;vertical&quot;,&quot;submenu_icon&quot;:{&quot;value&quot;:&quot;&lt;i class=\\&quot;fas fa-caret-down\\&quot; aria-hidden=\\&quot;true\\&quot;&gt;&lt;\\\/i&gt;&quot;,&quot;library&quot;:&quot;fa-solid&quot;}}\" data-widget_type=\"nav-menu.default\">\n\t\t\t\t<div class=\"elementor-widget-container\">\n\t\t\t\t\t\t\t\t<nav aria-label=\"Menu\" class=\"elementor-nav-menu--main elementor-nav-menu__container elementor-nav-menu--layout-vertical e--pointer-none\">\n\t\t\t\t<ul id=\"menu-1-96f7175\" class=\"elementor-nav-menu sm-vertical\"><li class=\"menu-item menu-item-type-post_type menu-item-object-page menu-item-1047\"><a href=\"https:\/\/naturgardenhotel.com\/?page_id=924&#038;lang=da\" class=\"elementor-item\">Hjem<\/a><\/li>\n<li class=\"menu-item menu-item-type-post_type menu-item-object-page menu-item-1048\"><a href=\"https:\/\/naturgardenhotel.com\/?page_id=932&#038;lang=da\" class=\"elementor-item\">Om us<\/a><\/li>\n<li class=\"menu-item menu-item-type-post_type menu-item-object-page menu-item-1049\"><a href=\"https:\/\/naturgardenhotel.com\/?page_id=937&#038;lang=da\" class=\"elementor-item\">Overnatninger<\/a><\/li>\n<li class=\"menu-item menu-item-type-post_type menu-item-object-page menu-item-1050\"><a href=\"https:\/\/naturgardenhotel.com\/?page_id=991&#038;lang=da\" class=\"elementor-item\">Konceptet<\/a><\/li>\n<li class=\"menu-item menu-item-type-post_type menu-item-object-page menu-item-1051\"><a href=\"https:\/\/naturgardenhotel.com\/?page_id=996&#038;lang=da\" class=\"elementor-item\">Galleri<\/a><\/li>\n<li class=\"menu-item menu-item-type-post_type menu-item-object-page menu-item-1052\"><a href=\"https:\/\/naturgardenhotel.com\/?page_id=1001&#038;lang=da\" class=\"elementor-item\">Kontakt-os<\/a><\/li>\n<\/ul>\t\t\t<\/nav>\n\t\t\t\t\t\t<nav class=\"elementor-nav-menu--dropdown elementor-nav-menu__container\" aria-hidden=\"true\">\n\t\t\t\t<ul id=\"menu-2-96f7175\" class=\"elementor-nav-menu sm-vertical\"><li class=\"menu-item menu-item-type-post_type menu-item-object-page menu-item-1047\"><a href=\"https:\/\/naturgardenhotel.com\/?page_id=924&#038;lang=da\" class=\"elementor-item\" tabindex=\"-1\">Hjem<\/a><\/li>\n<li class=\"menu-item menu-item-type-post_type menu-item-object-page menu-item-1048\"><a href=\"https:\/\/naturgardenhotel.com\/?page_id=932&#038;lang=da\" class=\"elementor-item\" tabindex=\"-1\">Om us<\/a><\/li>\n<li class=\"menu-item menu-item-type-post_type menu-item-object-page menu-item-1049\"><a href=\"https:\/\/naturgardenhotel.com\/?page_id=937&#038;lang=da\" class=\"elementor-item\" tabindex=\"-1\">Overnatninger<\/a><\/li>\n<li class=\"menu-item menu-item-type-post_type menu-item-object-page menu-item-1050\"><a href=\"https:\/\/naturgardenhotel.com\/?page_id=991&#038;lang=da\" class=\"elementor-item\" tabindex=\"-1\">Konceptet<\/a><\/li>\n<li class=\"menu-item menu-item-type-post_type menu-item-object-page menu-item-1051\"><a href=\"https:\/\/naturgardenhotel.com\/?page_id=996&#038;lang=da\" class=\"elementor-item\" tabindex=\"-1\">Galleri<\/a><\/li>\n<li class=\"menu-item menu-item-type-post_type menu-item-object-page menu-item-1052\"><a href=\"https:\/\/naturgardenhotel.com\/?page_id=1001&#038;lang=da\" class=\"elementor-item\" tabindex=\"-1\">Kontakt-os<\/a><\/li>\n<\/ul>\t\t\t<\/nav>\n\t\t\t\t\t\t<\/div>\n\t\t\t\t<\/div>\n\t\t\t\t\t<\/div>\n\t\t<\/div>\n\t\t\t\t<div class=\"elementor-column elementor-col-25 elementor-top-column elementor-element elementor-element-8a86353\" data-id=\"8a86353\" data-element_type=\"column\">\n\t\t\t<div class=\"elementor-widget-wrap elementor-element-populated\">\n\t\t\t\t\t\t<div class=\"elementor-element elementor-element-60bed91 elementor-widget elementor-widget-heading\" data-id=\"60bed91\" data-element_type=\"widget\" data-widget_type=\"heading.default\">\n\t\t\t\t<div class=\"elementor-widget-container\">\n\t\t\t\t\t<h2 class=\"elementor-heading-title elementor-size-default\">Virksomhed<\/h2>\t\t\t\t<\/div>\n\t\t\t\t<\/div>\n\t\t\t\t<div class=\"elementor-element elementor-element-f526071 elementor-align-center elementor-mobile-align-left elementor-icon-list--layout-traditional elementor-list-item-link-full_width elementor-widget elementor-widget-icon-list\" data-id=\"f526071\" data-element_type=\"widget\" data-widget_type=\"icon-list.default\">\n\t\t\t\t<div class=\"elementor-widget-container\">\n\t\t\t\t\t\t\t<ul class=\"elementor-icon-list-items\">\n\t\t\t\t\t\t\t<li class=\"elementor-icon-list-item\">\n\t\t\t\t\t\t\t\t\t\t\t<a href=\"http:\/\/naturgardenhotel.com\/wp-content\/uploads\/2023\/08\/FACT-SHEET-2023.pdf\" target=\"_blank\">\n\n\t\t\t\t\t\t\t\t\t\t\t\t<span class=\"elementor-icon-list-icon\">\n\t\t\t\t\t\t\t<i aria-hidden=\"true\" class=\"fas fa-file-download\"><\/i>\t\t\t\t\t\t<\/span>\n\t\t\t\t\t\t\t\t\t\t<span class=\"elementor-icon-list-text\">Download faktaark om 2023<\/span>\n\t\t\t\t\t\t\t\t\t\t\t<\/a>\n\t\t\t\t\t\t\t\t\t<\/li>\n\t\t\t\t\t\t\t\t<li class=\"elementor-icon-list-item\">\n\t\t\t\t\t\t\t\t\t\t\t<a href=\"https:\/\/naturgardenhotel.com\/da\/gdpr-meddelelse\/\" target=\"_blank\">\n\n\t\t\t\t\t\t\t\t\t\t\t\t<span class=\"elementor-icon-list-icon\">\n\t\t\t\t\t\t\t<i aria-hidden=\"true\" class=\"fas fa-info-circle\"><\/i>\t\t\t\t\t\t<\/span>\n\t\t\t\t\t\t\t\t\t\t<span class=\"elementor-icon-list-text\">GDPR-meddelelse<\/span>\n\t\t\t\t\t\t\t\t\t\t\t<\/a>\n\t\t\t\t\t\t\t\t\t<\/li>\n\t\t\t\t\t\t<\/ul>\n\t\t\t\t\t\t<\/div>\n\t\t\t\t<\/div>\n\t\t\t\t\t<\/div>\n\t\t<\/div>\n\t\t\t\t<div class=\"elementor-column elementor-col-25 elementor-top-column elementor-element elementor-element-37756e2\" data-id=\"37756e2\" data-element_type=\"column\">\n\t\t\t<div class=\"elementor-widget-wrap elementor-element-populated\">\n\t\t\t\t\t\t<div class=\"elementor-element elementor-element-4037265 elementor-widget elementor-widget-heading\" data-id=\"4037265\" data-element_type=\"widget\" data-widget_type=\"heading.default\">\n\t\t\t\t<div class=\"elementor-widget-container\">\n\t\t\t\t\t<h2 class=\"elementor-heading-title elementor-size-default\">Sociale medier<\/h2>\t\t\t\t<\/div>\n\t\t\t\t<\/div>\n\t\t\t\t<div class=\"elementor-element elementor-element-a2fb8fa elementor-shape-rounded elementor-grid-0 e-grid-align-center elementor-widget elementor-widget-social-icons\" data-id=\"a2fb8fa\" data-element_type=\"widget\" data-widget_type=\"social-icons.default\">\n\t\t\t\t<div class=\"elementor-widget-container\">\n\t\t\t\t\t\t\t<div class=\"elementor-social-icons-wrapper elementor-grid\" role=\"list\">\n\t\t\t\t\t\t\t<span class=\"elementor-grid-item\" role=\"listitem\">\n\t\t\t\t\t<a class=\"elementor-icon elementor-social-icon elementor-social-icon-instagram elementor-repeater-item-b7931e5\" href=\"https:\/\/www.instagram.com\/naturgardenhotel\/\" target=\"_blank\">\n\t\t\t\t\t\t<span class=\"elementor-screen-only\">Instagram<\/span>\n\t\t\t\t\t\t<i aria-hidden=\"true\" class=\"fab fa-instagram\"><\/i>\t\t\t\t\t<\/a>\n\t\t\t\t<\/span>\n\t\t\t\t\t\t\t<span class=\"elementor-grid-item\" role=\"listitem\">\n\t\t\t\t\t<a class=\"elementor-icon elementor-social-icon elementor-social-icon-facebook elementor-repeater-item-0e6525a\" href=\"https:\/\/www.facebook.com\/naturgardenhotel\" target=\"_blank\">\n\t\t\t\t\t\t<span class=\"elementor-screen-only\">Facebook<\/span>\n\t\t\t\t\t\t<i aria-hidden=\"true\" class=\"fab fa-facebook\"><\/i>\t\t\t\t\t<\/a>\n\t\t\t\t<\/span>\n\t\t\t\t\t\t\t<span class=\"elementor-grid-item\" role=\"listitem\">\n\t\t\t\t\t<a class=\"elementor-icon elementor-social-icon elementor-social-icon-tripadvisor elementor-repeater-item-e483727\" href=\"https:\/\/www.tripadvisor.com\/Hotel_Review-g298659-d300087-Reviews-Natur_Garden_Hotel-Bitez_Bodrum_District_Mugla_Province_Turkish_Aegean_Coast.html\" target=\"_blank\">\n\t\t\t\t\t\t<span class=\"elementor-screen-only\">Tripadvisor<\/span>\n\t\t\t\t\t\t<i aria-hidden=\"true\" class=\"fab fa-tripadvisor\"><\/i>\t\t\t\t\t<\/a>\n\t\t\t\t<\/span>\n\t\t\t\t\t<\/div>\n\t\t\t\t\t\t<\/div>\n\t\t\t\t<\/div>\n\t\t\t\t\t<\/div>\n\t\t<\/div>\n\t\t\t\t\t<\/div>\n\t\t<\/section>\n\t\t\t\t<\/footer>\n\t\t\t\t<\/div>\n\t\t\t\t\t\t<\/div>\n\t\t\t\t<\/div>\n\t\t\t\t\t<\/div>\n\t\t<\/div>\n\t\t\t\t\t<\/div>\n\t\t<\/section>\n\t\t\t\t<\/div>\n\t\t","protected":false},"excerpt":{"rendered":"<p>Om Us Natur Garden Hotel ligger i Bitez-bugten, en af de smukkeste bugter p\u00e5 Bodrum-halv\u00f8en med det prisbel\u00f8nnede hav med det bl\u00e5 flag. Vores hotel er lokaliseret i Bitez Bay,&#8230;<\/p>\n","protected":false},"author":1,"featured_media":0,"parent":0,"menu_order":0,"comment_status":"closed","ping_status":"closed","template":"elementor_header_footer","meta":{"footnotes":""},"class_list":["post-932","page","type-page","status-publish"],"lang":"da","translations":{"tr":575,"en":11,"da":932,"pl":1094,"ru":1215},"pll_sync_post":[],"_links":{"self":[{"href":"https:\/\/naturgardenhotel.com\/index.php?rest_route=\/wp\/v2\/pages\/932","targetHints":{"allow":["GET"]}}],"collection":[{"href":"https:\/\/naturgardenhotel.com\/index.php?rest_route=\/wp\/v2\/pages"}],"about":[{"href":"https:\/\/naturgardenhotel.com\/index.php?rest_route=\/wp\/v2\/types\/page"}],"author":[{"embeddable":true,"href":"https:\/\/naturgardenhotel.com\/index.php?rest_route=\/wp\/v2\/users\/1"}],"replies":[{"embeddable":true,"href":"https:\/\/naturgardenhotel.com\/index.php?rest_route=%2Fwp%2Fv2%2Fcomments&post=932"}],"version-history":[{"count":13,"href":"https:\/\/naturgardenhotel.com\/index.php?rest_route=\/wp\/v2\/pages\/932\/revisions"}],"predecessor-version":[{"id":1423,"href":"https:\/\/naturgardenhotel.com\/index.php?rest_route=\/wp\/v2\/pages\/932\/revisions\/1423"}],"wp:attachment":[{"href":"https:\/\/naturgardenhotel.com\/index.php?rest_route=%2Fwp%2Fv2%2Fmedia&parent=932"}],"curies":[{"name":"wp","href":"https:\/\/api.w.org\/{rel}","templated":true}]}}